{"id":176,"date":"2022-04-14T16:41:54","date_gmt":"2022-04-14T19:41:54","guid":{"rendered":"https:\/\/canossianasbrasil.com.br\/?page_id=176"},"modified":"2023-06-26T17:10:28","modified_gmt":"2023-06-26T20:10:28","slug":"provincia-no-brasil","status":"publish","type":"page","link":"https:\/\/canossianasbrasil.com.br\/?page_id=176","title":{"rendered":"Prov\u00edncia no Brasil"},"content":{"rendered":"\t\t<div data-elementor-type=\"wp-page\" data-elementor-id=\"176\" class=\"elementor elementor-176\">\n\t\t\t\t\t\t<section class=\"elementor-section elementor-top-section elementor-element elementor-element-1ba3d4c4 elementor-section-boxed elementor-section-height-default elementor-section-height-default\" data-id=\"1ba3d4c4\" data-element_type=\"section\" data-settings=\"{&quot;background_background&quot;:&quot;classic&quot;}\">\n\t\t\t\t\t\t\t<div class=\"elementor-background-overlay\"><\/div>\n\t\t\t\t\t\t\t<div class=\"elementor-container elementor-column-gap-default\">\n\t\t\t\t\t<div class=\"elementor-column elementor-col-100 elementor-top-column elementor-element elementor-element-590a1a83\" data-id=\"590a1a83\" data-element_type=\"column\">\n\t\t\t<div class=\"elementor-widget-wrap elementor-element-populated\">\n\t\t\t\t\t\t<section class=\"elementor-section elementor-inner-section elementor-element elementor-element-1cebe4dd elementor-section-content-middle elementor-section-boxed elementor-section-height-default elementor-section-height-default\" data-id=\"1cebe4dd\" data-element_type=\"section\">\n\t\t\t\t\t\t<div class=\"elementor-container elementor-column-gap-no\">\n\t\t\t\t\t<div class=\"elementor-column elementor-col-50 elementor-inner-column elementor-element elementor-element-628f6415\" data-id=\"628f6415\" data-element_type=\"column\">\n\t\t\t<div class=\"elementor-widget-wrap elementor-element-populated\">\n\t\t\t\t\t\t<div class=\"elementor-element elementor-element-c41fdc1 elementor-widget elementor-widget-heading\" data-id=\"c41fdc1\" data-element_type=\"widget\" data-widget_type=\"heading.default\">\n\t\t\t\t<div class=\"elementor-widget-container\">\n\t\t\t<style>\/*! elementor - v3.20.0 - 13-03-2024 *\/\n.elementor-heading-title{padding:0;margin:0;line-height:1}.elementor-widget-heading .elementor-heading-title[class*=elementor-size-]>a{color:inherit;font-size:inherit;line-height:inherit}.elementor-widget-heading .elementor-heading-title.elementor-size-small{font-size:15px}.elementor-widget-heading .elementor-heading-title.elementor-size-medium{font-size:19px}.elementor-widget-heading .elementor-heading-title.elementor-size-large{font-size:29px}.elementor-widget-heading .elementor-heading-title.elementor-size-xl{font-size:39px}.elementor-widget-heading .elementor-heading-title.elementor-size-xxl{font-size:59px}<\/style><h2 class=\"elementor-heading-title elementor-size-default\">Prov\u00edncia Canossiana no Brasil<\/h2>\t\t<\/div>\n\t\t\t\t<\/div>\n\t\t\t\t\t<\/div>\n\t\t<\/div>\n\t\t\t\t<div class=\"elementor-column elementor-col-50 elementor-inner-column elementor-element elementor-element-e33a4db\" data-id=\"e33a4db\" data-element_type=\"column\">\n\t\t\t<div class=\"elementor-widget-wrap elementor-element-populated\">\n\t\t\t\t\t\t<div class=\"elementor-element elementor-element-1dd4cde1 elementor-icon-list--layout-inline elementor-align-right elementor-mobile-align-center elementor-list-item-link-full_width elementor-widget elementor-widget-icon-list\" data-id=\"1dd4cde1\" data-element_type=\"widget\" data-widget_type=\"icon-list.default\">\n\t\t\t\t<div class=\"elementor-widget-container\">\n\t\t\t<link rel=\"stylesheet\" href=\"https:\/\/canossianasbrasil.com.br\/wp-content\/plugins\/elementor\/assets\/css\/widget-icon-list.min.css\">\t\t<ul class=\"elementor-icon-list-items elementor-inline-items\">\n\t\t\t\t\t\t\t<li class=\"elementor-icon-list-item elementor-inline-item\">\n\t\t\t\t\t\t\t\t\t\t<span class=\"elementor-icon-list-text\">In\u00edcio<\/span>\n\t\t\t\t\t\t\t\t\t<\/li>\n\t\t\t\t\t\t\t\t<li class=\"elementor-icon-list-item elementor-inline-item\">\n\t\t\t\t\t\t\t\t\t\t\t<span class=\"elementor-icon-list-icon\">\n\t\t\t\t\t\t\t<i aria-hidden=\"true\" class=\"fas fa-chevron-right\"><\/i>\t\t\t\t\t\t<\/span>\n\t\t\t\t\t\t\t\t\t\t<span class=\"elementor-icon-list-text\">Prov\u00edncia Canossiana <\/span>\n\t\t\t\t\t\t\t\t\t<\/li>\n\t\t\t\t\t\t<\/ul>\n\t\t\t\t<\/div>\n\t\t\t\t<\/div>\n\t\t\t\t\t<\/div>\n\t\t<\/div>\n\t\t\t\t\t<\/div>\n\t\t<\/section>\n\t\t\t\t\t<\/div>\n\t\t<\/div>\n\t\t\t\t\t<\/div>\n\t\t<\/section>\n\t\t\t\t<section class=\"elementor-section elementor-top-section elementor-element elementor-element-5964495b elementor-section-boxed elementor-section-height-default elementor-section-height-default\" data-id=\"5964495b\" data-element_type=\"section\">\n\t\t\t\t\t\t<div class=\"elementor-container elementor-column-gap-default\">\n\t\t\t\t\t<div class=\"elementor-column elementor-col-100 elementor-top-column elementor-element elementor-element-13d3b719\" data-id=\"13d3b719\" data-element_type=\"column\">\n\t\t\t<div class=\"elementor-widget-wrap elementor-element-populated\">\n\t\t\t\t\t\t<div class=\"elementor-element elementor-element-514f7798 elementor-widget elementor-widget-heading\" data-id=\"514f7798\" data-element_type=\"widget\" data-widget_type=\"heading.default\">\n\t\t\t\t<div class=\"elementor-widget-container\">\n\t\t\t<h2 class=\"elementor-heading-title elementor-size-default\">Comunidade de Irm\u00e3s<\/h2>\t\t<\/div>\n\t\t\t\t<\/div>\n\t\t\t\t<div class=\"elementor-element elementor-element-5ff9f4a7 elementor-widget elementor-widget-heading\" data-id=\"5ff9f4a7\" data-element_type=\"widget\" data-widget_type=\"heading.default\">\n\t\t\t\t<div class=\"elementor-widget-container\">\n\t\t\t<h3 class=\"elementor-heading-title elementor-size-default\">Reunidas pelo Esp\u00edrito do \"Maior Amor\"<\/h3>\t\t<\/div>\n\t\t\t\t<\/div>\n\t\t\t\t<div class=\"elementor-element elementor-element-337e7fbd elementor-widget elementor-widget-text-editor\" data-id=\"337e7fbd\" data-element_type=\"widget\" data-widget_type=\"text-editor.default\">\n\t\t\t\t<div class=\"elementor-widget-container\">\n\t\t\t<style>\/*! elementor - v3.20.0 - 13-03-2024 *\/\n.elementor-widget-text-editor.elementor-drop-cap-view-stacked .elementor-drop-cap{background-color:#69727d;color:#fff}.elementor-widget-text-editor.elementor-drop-cap-view-framed .elementor-drop-cap{color:#69727d;border:3px solid;background-color:transparent}.elementor-widget-text-editor:not(.elementor-drop-cap-view-default) .elementor-drop-cap{margin-top:8px}.elementor-widget-text-editor:not(.elementor-drop-cap-view-default) .elementor-drop-cap-letter{width:1em;height:1em}.elementor-widget-text-editor .elementor-drop-cap{float:left;text-align:center;line-height:1;font-size:50px}.elementor-widget-text-editor .elementor-drop-cap-letter{display:inline-block}<\/style>\t\t\t\t<p>\u00c0 escola de Cristo na cruz aprendemos como se ama e quais os meios para alcan\u00e7ar a mais perfeita uni\u00e3o dos cora\u00e7\u00f5es<\/p><p>Amamo-nos carinhosamente. Repartimos o que temos e somos.\u00a0<\/p><p>Compartilhamos:<\/p><ul><li>A ora\u00e7\u00e3o<\/li><li>O trabalho<\/li><li>Os bens<\/li><li>As alegrias e as fadigas apost\u00f3licas<\/li><\/ul>\t\t\t\t\t\t<\/div>\n\t\t\t\t<\/div>\n\t\t\t\t<div class=\"elementor-element elementor-element-a0c87a0 elementor-widget elementor-widget-heading\" data-id=\"a0c87a0\" data-element_type=\"widget\" data-widget_type=\"heading.default\">\n\t\t\t\t<div class=\"elementor-widget-container\">\n\t\t\t<h3 class=\"elementor-heading-title elementor-size-default\">Chamadas at\u00e9 os confins da terra para anunciar o Cristo Crucificado<\/h3>\t\t<\/div>\n\t\t\t\t<\/div>\n\t\t\t\t<div class=\"elementor-element elementor-element-6b01153a elementor-icon-list--layout-traditional elementor-list-item-link-full_width elementor-widget elementor-widget-icon-list\" data-id=\"6b01153a\" data-element_type=\"widget\" data-widget_type=\"icon-list.default\">\n\t\t\t\t<div class=\"elementor-widget-container\">\n\t\t\t\t\t<ul class=\"elementor-icon-list-items\">\n\t\t\t\t\t\t\t<li class=\"elementor-icon-list-item\">\n\t\t\t\t\t\t\t\t\t\t\t<span class=\"elementor-icon-list-icon\">\n\t\t\t\t\t\t\t<i aria-hidden=\"true\" class=\"icon icon-house-1\"><\/i>\t\t\t\t\t\t<\/span>\n\t\t\t\t\t\t\t\t\t\t<span class=\"elementor-icon-list-text\">Campinas\/SP \u2013 Sede Provincial - Prov\u00edncia Nossa Senhora Aparecida<\/span>\n\t\t\t\t\t\t\t\t\t<\/li>\n\t\t\t\t\t\t\t\t<li class=\"elementor-icon-list-item\">\n\t\t\t\t\t\t\t\t\t\t\t<span class=\"elementor-icon-list-icon\">\n\t\t\t\t\t\t\t<i aria-hidden=\"true\" class=\"icon icon-house-1\"><\/i>\t\t\t\t\t\t<\/span>\n\t\t\t\t\t\t\t\t\t\t<span class=\"elementor-icon-list-text\">Campinas\/SP \u2013 Centro de Espiritualidade Madalena de Canossa<\/span>\n\t\t\t\t\t\t\t\t\t<\/li>\n\t\t\t\t\t\t\t\t<li class=\"elementor-icon-list-item\">\n\t\t\t\t\t\t\t\t\t\t\t<span class=\"elementor-icon-list-icon\">\n\t\t\t\t\t\t\t<i aria-hidden=\"true\" class=\"icon icon-house-1\"><\/i>\t\t\t\t\t\t<\/span>\n\t\t\t\t\t\t\t\t\t\t<span class=\"elementor-icon-list-text\">Araras\/SP \u2013 Comunidade Sagrado Cora\u00e7\u00e3o<\/span>\n\t\t\t\t\t\t\t\t\t<\/li>\n\t\t\t\t\t\t\t\t<li class=\"elementor-icon-list-item\">\n\t\t\t\t\t\t\t\t\t\t\t<span class=\"elementor-icon-list-icon\">\n\t\t\t\t\t\t\t<i aria-hidden=\"true\" class=\"icon icon-house-1\"><\/i>\t\t\t\t\t\t<\/span>\n\t\t\t\t\t\t\t\t\t\t<span class=\"elementor-icon-list-text\">Araras\/SP \u2013 Comunidade Jesus Educador<\/span>\n\t\t\t\t\t\t\t\t\t<\/li>\n\t\t\t\t\t\t\t\t<li class=\"elementor-icon-list-item\">\n\t\t\t\t\t\t\t\t\t\t\t<span class=\"elementor-icon-list-icon\">\n\t\t\t\t\t\t\t<i aria-hidden=\"true\" class=\"icon icon-house-1\"><\/i>\t\t\t\t\t\t<\/span>\n\t\t\t\t\t\t\t\t\t\t<span class=\"elementor-icon-list-text\">Araras\/SP \u2013 Comunidade Rainha da Paz<\/span>\n\t\t\t\t\t\t\t\t\t<\/li>\n\t\t\t\t\t\t\t\t<li class=\"elementor-icon-list-item\">\n\t\t\t\t\t\t\t\t\t\t\t<span class=\"elementor-icon-list-icon\">\n\t\t\t\t\t\t\t<i aria-hidden=\"true\" class=\"icon icon-house-1\"><\/i>\t\t\t\t\t\t<\/span>\n\t\t\t\t\t\t\t\t\t\t<span class=\"elementor-icon-list-text\">Piabet\u00e1\/RJ \u2013 Comunidade Santa Madalena de Canossa<\/span>\n\t\t\t\t\t\t\t\t\t<\/li>\n\t\t\t\t\t\t\t\t<li class=\"elementor-icon-list-item\">\n\t\t\t\t\t\t\t\t\t\t\t<span class=\"elementor-icon-list-icon\">\n\t\t\t\t\t\t\t<i aria-hidden=\"true\" class=\"icon icon-house-1\"><\/i>\t\t\t\t\t\t<\/span>\n\t\t\t\t\t\t\t\t\t\t<span class=\"elementor-icon-list-text\">Joinville\/SC \u2013 Comunidade Nossa Senhora das Dores<\/span>\n\t\t\t\t\t\t\t\t\t<\/li>\n\t\t\t\t\t\t\t\t<li class=\"elementor-icon-list-item\">\n\t\t\t\t\t\t\t\t\t\t\t<span class=\"elementor-icon-list-icon\">\n\t\t\t\t\t\t\t<i aria-hidden=\"true\" class=\"icon icon-house-1\"><\/i>\t\t\t\t\t\t<\/span>\n\t\t\t\t\t\t\t\t\t\t<span class=\"elementor-icon-list-text\">Imperatriz\/MA \u2013 Comunidade M\u00e3e da Esperan\u00e7a<\/span>\n\t\t\t\t\t\t\t\t\t<\/li>\n\t\t\t\t\t\t\t\t<li class=\"elementor-icon-list-item\">\n\t\t\t\t\t\t\t\t\t\t\t<span class=\"elementor-icon-list-icon\">\n\t\t\t\t\t\t\t<i aria-hidden=\"true\" class=\"icon icon-house-1\"><\/i>\t\t\t\t\t\t<\/span>\n\t\t\t\t\t\t\t\t\t\t<span class=\"elementor-icon-list-text\">Almenara\/MG \u2013 Comunidade Jesus Misericordioso<\/span>\n\t\t\t\t\t\t\t\t\t<\/li>\n\t\t\t\t\t\t<\/ul>\n\t\t\t\t<\/div>\n\t\t\t\t<\/div>\n\t\t\t\t<div class=\"elementor-element elementor-element-11a8c46 elementor-widget elementor-widget-heading\" data-id=\"11a8c46\" data-element_type=\"widget\" data-widget_type=\"heading.default\">\n\t\t\t\t<div class=\"elementor-widget-container\">\n\t\t\t<h3 class=\"elementor-heading-title elementor-size-default\">Comunidade de Imperatriz no Maranh\u00e3o<\/h3>\t\t<\/div>\n\t\t\t\t<\/div>\n\t\t\t\t<div class=\"elementor-element elementor-element-6b2c74f elementor-widget elementor-widget-text-editor\" data-id=\"6b2c74f\" data-element_type=\"widget\" data-widget_type=\"text-editor.default\">\n\t\t\t\t<div class=\"elementor-widget-container\">\n\t\t\t\t\t\t\t<p>Nossa Comunidade de Imperatriz no Maranh\u00e3o, que tem como padroeira Nossa Senhora da Esperan\u00e7a est\u00e1 inserida no bairro Santa L\u00facia. Atuamos nos Minist\u00e9rios da Educa\u00e7\u00e3o atrav\u00e9s do: *Jardim Canossa, com a Educa\u00e7\u00e3o Infantil;<br \/>* Educa\u00e7\u00e3o Informal Orat\u00f3rio;<br \/>* Cursos Promocionais.<\/p><p>Na Evangeliza\u00e7\u00e3o;<br \/>* Na Catequese;<br \/>* Forma\u00e7\u00e3o para agentes das Pastorais \u00e0 n\u00edvel Paroquial;<br \/>* Assessoria da Pastoral da Crian\u00e7a;<br \/>* Assessoria da Pastoral Lit\u00fargica:<br \/>* Assessoria da Miss\u00e3o Popular:<\/p><p>Na assist\u00eancia a quem sofre, atrav\u00e9s de visitas domiciliar e quando necess\u00e1rio hospitalar.<\/p>\t\t\t\t\t\t<\/div>\n\t\t\t\t<\/div>\n\t\t\t\t\t<\/div>\n\t\t<\/div>\n\t\t\t\t\t<\/div>\n\t\t<\/section>\n\t\t\t\t<\/div>\n\t\t","protected":false},"excerpt":{"rendered":"<p>Prov\u00edncia Canossiana no Brasil In\u00edcio Prov\u00edncia Canossiana Comunidade de Irm\u00e3s Reunidas pelo Esp\u00edrito do &#8220;Maior Amor&#8221; \u00c0 escola de Cristo na cruz aprendemos como se ama e quais os meios para alcan\u00e7ar a mais perfeita uni\u00e3o dos cora\u00e7\u00f5es Amamo-nos carinhosamente. Repartimos o que temos e somos.\u00a0 Compartilhamos: A ora\u00e7\u00e3o O trabalho Os bens As alegrias [&hellip;]<\/p>\n","protected":false},"author":1,"featured_media":0,"parent":0,"menu_order":0,"comment_status":"closed","ping_status":"closed","template":"elementor_header_footer","meta":{"footnotes":""},"class_list":["post-176","page","type-page","status-publish","hentry"],"yoast_head":"<!-- This site is optimized with the Yoast SEO Premium plugin v18.8 (Yoast SEO v19.2) - https:\/\/yoast.com\/wordpress\/plugins\/seo\/ -->\n<title>Prov\u00edncia no Brasil - Prov\u00edncia Canossiana no Brasil<\/title>\n<meta name=\"robots\" content=\"index, follow, max-snippet:-1, max-image-preview:large, max-video-preview:-1\" \/>\n<link rel=\"canonical\" href=\"https:\/\/canossianasbrasil.com.br\/?page_id=176\" \/>\n<meta property=\"og:locale\" content=\"pt_BR\" \/>\n<meta property=\"og:type\" content=\"article\" \/>\n<meta property=\"og:title\" content=\"Prov\u00edncia no Brasil\" \/>\n<meta property=\"og:description\" content=\"Prov\u00edncia Canossiana no Brasil In\u00edcio Prov\u00edncia Canossiana Comunidade de Irm\u00e3s Reunidas pelo Esp\u00edrito do &#8220;Maior Amor&#8221; \u00c0 escola de Cristo na cruz aprendemos como se ama e quais os meios para alcan\u00e7ar a mais perfeita uni\u00e3o dos cora\u00e7\u00f5es Amamo-nos carinhosamente. Repartimos o que temos e somos.\u00a0 Compartilhamos: A ora\u00e7\u00e3o O trabalho Os bens As alegrias [&hellip;]\" \/>\n<meta property=\"og:url\" content=\"https:\/\/canossianasbrasil.com.br\/?page_id=176\" \/>\n<meta property=\"og:site_name\" content=\"Prov\u00edncia Canossiana no Brasil\" \/>\n<meta property=\"article:modified_time\" content=\"2023-06-26T20:10:28+00:00\" \/>\n<meta name=\"author\" content=\"Canossianas\" \/>\n<meta name=\"twitter:card\" content=\"summary_large_image\" \/>\n<meta name=\"twitter:label1\" content=\"Est. tempo de leitura\" \/>\n\t<meta name=\"twitter:data1\" content=\"1 minuto\" \/>\n<script type=\"application\/ld+json\" class=\"yoast-schema-graph\">{\"@context\":\"https:\/\/schema.org\",\"@graph\":[{\"@type\":\"Organization\",\"@id\":\"https:\/\/canossianasbrasil.com.br\/#organization\",\"name\":\"Prov\u00edncia Canossiana\",\"url\":\"https:\/\/canossianasbrasil.com.br\/\",\"sameAs\":[\"https:\/\/www.instagram.com\/irmascanossianas\/\"],\"logo\":{\"@type\":\"ImageObject\",\"inLanguage\":\"pt-BR\",\"@id\":\"https:\/\/canossianasbrasil.com.br\/#\/schema\/logo\/image\/\",\"url\":\"https:\/\/canossianasbrasil.com.br\/wp-content\/uploads\/2022\/04\/LOGO_SITO_CANOSSIAN.png\",\"contentUrl\":\"https:\/\/canossianasbrasil.com.br\/wp-content\/uploads\/2022\/04\/LOGO_SITO_CANOSSIAN.png\",\"width\":299,\"height\":161,\"caption\":\"Prov\u00edncia Canossiana\"},\"image\":{\"@id\":\"https:\/\/canossianasbrasil.com.br\/#\/schema\/logo\/image\/\"}},{\"@type\":\"WebSite\",\"@id\":\"https:\/\/canossianasbrasil.com.br\/#website\",\"url\":\"https:\/\/canossianasbrasil.com.br\/\",\"name\":\"Prov\u00edncia Canossiana no Brasil\",\"description\":\"Irm\u00e3s Canossianas\",\"publisher\":{\"@id\":\"https:\/\/canossianasbrasil.com.br\/#organization\"},\"potentialAction\":[{\"@type\":\"SearchAction\",\"target\":{\"@type\":\"EntryPoint\",\"urlTemplate\":\"https:\/\/canossianasbrasil.com.br\/?s={search_term_string}\"},\"query-input\":\"required name=search_term_string\"}],\"inLanguage\":\"pt-BR\"},{\"@type\":\"WebPage\",\"@id\":\"https:\/\/canossianasbrasil.com.br\/?page_id=176#webpage\",\"url\":\"https:\/\/canossianasbrasil.com.br\/?page_id=176\",\"name\":\"Prov\u00edncia no Brasil - Prov\u00edncia Canossiana no Brasil\",\"isPartOf\":{\"@id\":\"https:\/\/canossianasbrasil.com.br\/#website\"},\"datePublished\":\"2022-04-14T19:41:54+00:00\",\"dateModified\":\"2023-06-26T20:10:28+00:00\",\"breadcrumb\":{\"@id\":\"https:\/\/canossianasbrasil.com.br\/?page_id=176#breadcrumb\"},\"inLanguage\":\"pt-BR\",\"potentialAction\":[{\"@type\":\"ReadAction\",\"target\":[\"https:\/\/canossianasbrasil.com.br\/?page_id=176\"]}]},{\"@type\":\"BreadcrumbList\",\"@id\":\"https:\/\/canossianasbrasil.com.br\/?page_id=176#breadcrumb\",\"itemListElement\":[{\"@type\":\"ListItem\",\"position\":1,\"name\":\"In\u00edcio\",\"item\":\"https:\/\/canossianasbrasil.com.br\/\"},{\"@type\":\"ListItem\",\"position\":2,\"name\":\"Prov\u00edncia no Brasil\"}]}]}<\/script>\n<!-- \/ Yoast SEO Premium plugin. -->","yoast_head_json":{"title":"Prov\u00edncia no Brasil - Prov\u00edncia Canossiana no Brasil","robots":{"index":"index","follow":"follow","max-snippet":"max-snippet:-1","max-image-preview":"max-image-preview:large","max-video-preview":"max-video-preview:-1"},"canonical":"https:\/\/canossianasbrasil.com.br\/?page_id=176","og_locale":"pt_BR","og_type":"article","og_title":"Prov\u00edncia no Brasil","og_description":"Prov\u00edncia Canossiana no Brasil In\u00edcio Prov\u00edncia Canossiana Comunidade de Irm\u00e3s Reunidas pelo Esp\u00edrito do &#8220;Maior Amor&#8221; \u00c0 escola de Cristo na cruz aprendemos como se ama e quais os meios para alcan\u00e7ar a mais perfeita uni\u00e3o dos cora\u00e7\u00f5es Amamo-nos carinhosamente. Repartimos o que temos e somos.\u00a0 Compartilhamos: A ora\u00e7\u00e3o O trabalho Os bens As alegrias [&hellip;]","og_url":"https:\/\/canossianasbrasil.com.br\/?page_id=176","og_site_name":"Prov\u00edncia Canossiana no Brasil","article_modified_time":"2023-06-26T20:10:28+00:00","author":"Canossianas","twitter_card":"summary_large_image","twitter_misc":{"Est. tempo de leitura":"1 minuto"},"schema":{"@context":"https:\/\/schema.org","@graph":[{"@type":"Organization","@id":"https:\/\/canossianasbrasil.com.br\/#organization","name":"Prov\u00edncia Canossiana","url":"https:\/\/canossianasbrasil.com.br\/","sameAs":["https:\/\/www.instagram.com\/irmascanossianas\/"],"logo":{"@type":"ImageObject","inLanguage":"pt-BR","@id":"https:\/\/canossianasbrasil.com.br\/#\/schema\/logo\/image\/","url":"https:\/\/canossianasbrasil.com.br\/wp-content\/uploads\/2022\/04\/LOGO_SITO_CANOSSIAN.png","contentUrl":"https:\/\/canossianasbrasil.com.br\/wp-content\/uploads\/2022\/04\/LOGO_SITO_CANOSSIAN.png","width":299,"height":161,"caption":"Prov\u00edncia Canossiana"},"image":{"@id":"https:\/\/canossianasbrasil.com.br\/#\/schema\/logo\/image\/"}},{"@type":"WebSite","@id":"https:\/\/canossianasbrasil.com.br\/#website","url":"https:\/\/canossianasbrasil.com.br\/","name":"Prov\u00edncia Canossiana no Brasil","description":"Irm\u00e3s Canossianas","publisher":{"@id":"https:\/\/canossianasbrasil.com.br\/#organization"},"potentialAction":[{"@type":"SearchAction","target":{"@type":"EntryPoint","urlTemplate":"https:\/\/canossianasbrasil.com.br\/?s={search_term_string}"},"query-input":"required name=search_term_string"}],"inLanguage":"pt-BR"},{"@type":"WebPage","@id":"https:\/\/canossianasbrasil.com.br\/?page_id=176#webpage","url":"https:\/\/canossianasbrasil.com.br\/?page_id=176","name":"Prov\u00edncia no Brasil - Prov\u00edncia Canossiana no Brasil","isPartOf":{"@id":"https:\/\/canossianasbrasil.com.br\/#website"},"datePublished":"2022-04-14T19:41:54+00:00","dateModified":"2023-06-26T20:10:28+00:00","breadcrumb":{"@id":"https:\/\/canossianasbrasil.com.br\/?page_id=176#breadcrumb"},"inLanguage":"pt-BR","potentialAction":[{"@type":"ReadAction","target":["https:\/\/canossianasbrasil.com.br\/?page_id=176"]}]},{"@type":"BreadcrumbList","@id":"https:\/\/canossianasbrasil.com.br\/?page_id=176#breadcrumb","itemListElement":[{"@type":"ListItem","position":1,"name":"In\u00edcio","item":"https:\/\/canossianasbrasil.com.br\/"},{"@type":"ListItem","position":2,"name":"Prov\u00edncia no Brasil"}]}]}},"_links":{"self":[{"href":"https:\/\/canossianasbrasil.com.br\/index.php?rest_route=\/wp\/v2\/pages\/176","targetHints":{"allow":["GET"]}}],"collection":[{"href":"https:\/\/canossianasbrasil.com.br\/index.php?rest_route=\/wp\/v2\/pages"}],"about":[{"href":"https:\/\/canossianasbrasil.com.br\/index.php?rest_route=\/wp\/v2\/types\/page"}],"author":[{"embeddable":true,"href":"https:\/\/canossianasbrasil.com.br\/index.php?rest_route=\/wp\/v2\/users\/1"}],"replies":[{"embeddable":true,"href":"https:\/\/canossianasbrasil.com.br\/index.php?rest_route=%2Fwp%2Fv2%2Fcomments&post=176"}],"version-history":[{"count":16,"href":"https:\/\/canossianasbrasil.com.br\/index.php?rest_route=\/wp\/v2\/pages\/176\/revisions"}],"predecessor-version":[{"id":633,"href":"https:\/\/canossianasbrasil.com.br\/index.php?rest_route=\/wp\/v2\/pages\/176\/revisions\/633"}],"wp:attachment":[{"href":"https:\/\/canossianasbrasil.com.br\/index.php?rest_route=%2Fwp%2Fv2%2Fmedia&parent=176"}],"curies":[{"name":"wp","href":"https:\/\/api.w.org\/{rel}","templated":true}]}}